{"id":541,"date":"2020-08-05T13:55:51","date_gmt":"2020-08-05T13:55:51","guid":{"rendered":"https:\/\/zakrademos.com\/education\/?page_id=541"},"modified":"2023-03-20T16:52:55","modified_gmt":"2023-03-20T16:52:55","slug":"home-2","status":"publish","type":"page","link":"https:\/\/mobile.wacscoac.com\/","title":{"rendered":"Home"},"content":{"rendered":"<style>\/*! elementor-pro - v3.11.6 - 14-03-2023 *\/\n.elementor-widget-countdown .elementor-countdown-expire--message{display:none;padding:20px;text-align:center}.elementor-widget-countdown .elementor-countdown-wrapper{flex-direction:row}.elementor-widget-countdown .elementor-countdown-item{padding:20px 0;text-align:center;color:#fff}.elementor-widget-countdown .elementor-countdown-digits,.elementor-widget-countdown .elementor-countdown-label{line-height:1}.elementor-widget-countdown .elementor-countdown-digits{font-size:69px}.elementor-widget-countdown .elementor-countdown-label{font-size:19px}.elementor-widget-countdown.elementor-countdown--label-block .elementor-countdown-wrapper{display:flex;justify-content:center;margin-right:auto;margin-left:auto}.elementor-widget-countdown.elementor-countdown--label-block .elementor-countdown-digits,.elementor-widget-countdown.elementor-countdown--label-block .elementor-countdown-label{display:block}.elementor-widget-countdown.elementor-countdown--label-block .elementor-countdown-item{flex-basis:0;flex-grow:1}.elementor-widget-countdown.elementor-countdown--label-inline{text-align:center}.elementor-widget-countdown.elementor-countdown--label-inline .elementor-countdown-item{display:inline-block;padding-left:5px;padding-right:5px}<\/style>\n<p>\t\t\t Days Hours Minutes Seconds<br \/>\n\t\t\t\t\tConference is ongoing&#8230;.\n\t\t\t<link rel=\"stylesheet\" href=\"https:\/\/mobile.wacscoac.com\/wp-content\/plugins\/elementor-pro\/assets\/css\/widget-animated-headline.min.css\">\n<h3>\n\t\t\t\t\t&#8230;<br \/>\n\t\t\t\t\tWACS 63rd<br \/>\n\t\t\t\t\tConference is ongoing right now!<br \/>\n\t\t\t\t\t<\/h3>\n<style>\/*! elementor-pro - v3.11.6 - 14-03-2023 *\/\n.elementor-slides .swiper-slide-bg{background-size:cover;background-position:50%;background-repeat:no-repeat;min-width:100%;min-height:100%}.elementor-slides .swiper-slide-inner{background-repeat:no-repeat;background-position:50%;position:absolute;top:0;left:0;bottom:0;right:0;padding:50px;margin:auto}.elementor-slides .swiper-slide-inner,.elementor-slides .swiper-slide-inner:hover{color:#fff;display:flex}.elementor-slides .swiper-slide-inner .elementor-background-overlay{position:absolute;z-index:0;top:0;bottom:0;left:0;right:0}.elementor-slides .swiper-slide-inner .elementor-slide-content{position:relative;z-index:1;width:100%}.elementor-slides .swiper-slide-inner .elementor-slide-heading{font-size:35px;font-weight:700;line-height:1}.elementor-slides .swiper-slide-inner .elementor-slide-description{font-size:17px;line-height:1.4}.elementor-slides .swiper-slide-inner .elementor-slide-description:not(:last-child),.elementor-slides .swiper-slide-inner .elementor-slide-heading:not(:last-child){margin-bottom:30px}.elementor-slides .swiper-slide-inner .elementor-slide-button{border:2px solid #fff;color:#fff;background:transparent;display:inline-block}.elementor-slides .swiper-slide-inner .elementor-slide-button,.elementor-slides .swiper-slide-inner .elementor-slide-button:hover{background:transparent;color:inherit;text-decoration:none}.elementor--v-position-top .swiper-slide-inner{align-items:flex-start}.elementor--v-position-bottom .swiper-slide-inner{align-items:flex-end}.elementor--v-position-middle .swiper-slide-inner{align-items:center}.elementor--h-position-left .swiper-slide-inner{justify-content:flex-start}.elementor--h-position-right .swiper-slide-inner{justify-content:flex-end}.elementor--h-position-center .swiper-slide-inner{justify-content:center}body.rtl .elementor-widget-slides .elementor-swiper-button-next{left:10px;right:auto}body.rtl .elementor-widget-slides .elementor-swiper-button-prev{right:10px;left:auto}.elementor-slides-wrapper div:not(.swiper-slide)>.swiper-slide-inner{display:none}@media (max-width:767px){.elementor-slides .swiper-slide-inner{padding:30px}.elementor-slides .swiper-slide-inner .elementor-slide-heading{font-size:23px;line-height:1;margin-bottom:15px}.elementor-slides .swiper-slide-inner .elementor-slide-description{font-size:13px;line-height:1.4;margin-bottom:15px}}<\/style>\n<p>\t\t\t\t\t\t\t\t\t\tWACS  63rd Annual Scientific Conference <\/p>\n<p> 20th-23rd of March 2023 Welcome to Lome, TogoWACS  63rd Annual Scientific Conference <\/p>\n<p> 20th-23rd of March 2023 Bienvenue \u00e0 la 63\u00e8me \u00e9dition du congr\u00e8s du WACS!Explore Togo<br \/>\n\t\t\t\t\t\t\t\t\t\t\t\t\t\tPrevious<br \/>\n\t\t\t\t\t\t\t\t\t\t\t\t\t\tNext<\/p>\n<style>\/*! elementor - v3.11.5 - 14-03-2023 *\/\n.elementor-heading-title{padding:0;margin:0;line-height:1}.elementor-widget-heading .elementor-heading-title[class*=elementor-size-]>a{color:inherit;font-size:inherit;line-height:inherit}.elementor-widget-heading .elementor-heading-title.elementor-size-small{font-size:15px}.elementor-widget-heading .elementor-heading-title.elementor-size-medium{font-size:19px}.elementor-widget-heading .elementor-heading-title.elementor-size-large{font-size:29px}.elementor-widget-heading .elementor-heading-title.elementor-size-xl{font-size:39px}.elementor-widget-heading .elementor-heading-title.elementor-size-xxl{font-size:59px}<\/style>\n<h2>Program By Days<\/h2>\n<style>\/*! elementor - v3.11.5 - 14-03-2023 *\/\n.elementor-accordion{text-align:left}.elementor-accordion .elementor-accordion-item{border:1px solid #d4d4d4}.elementor-accordion .elementor-accordion-item+.elementor-accordion-item{border-top:none}.elementor-accordion .elementor-tab-title{margin:0;padding:15px 20px;font-weight:700;line-height:1;cursor:pointer;outline:none}.elementor-accordion .elementor-tab-title .elementor-accordion-icon{display:inline-block;width:1.5em}.elementor-accordion .elementor-tab-title .elementor-accordion-icon svg{width:1em;height:1em}.elementor-accordion .elementor-tab-title .elementor-accordion-icon.elementor-accordion-icon-right{float:right;text-align:right}.elementor-accordion .elementor-tab-title .elementor-accordion-icon.elementor-accordion-icon-left{float:left;text-align:left}.elementor-accordion .elementor-tab-title .elementor-accordion-icon .elementor-accordion-icon-closed{display:block}.elementor-accordion .elementor-tab-title .elementor-accordion-icon .elementor-accordion-icon-opened,.elementor-accordion .elementor-tab-title.elementor-active .elementor-accordion-icon-closed{display:none}.elementor-accordion .elementor-tab-title.elementor-active .elementor-accordion-icon-opened{display:block}.elementor-accordion .elementor-tab-content{display:none;padding:15px 20px;border-top:1px solid #d4d4d4}@media (max-width:767px){.elementor-accordion .elementor-tab-title{padding:12px 15px}.elementor-accordion .elementor-tab-title .elementor-accordion-icon{width:1.2em}.elementor-accordion .elementor-tab-content{padding:7px 15px}}.e-con-inner>.elementor-widget-accordion,.e-con>.elementor-widget-accordion{width:var(--container-widget-width);--flex-grow:var(--container-widget-flex-grow)}<\/style>\n<p>\t\t\t\t\t\t\t\t\t\t\t\t<a href=\"\">Pre Conference &#8211; Saturday, 18th &#8211; Sunday, 19th of March<\/a><\/p>\n<p>Please wait while flipbook is loading. For more related info, FAQs and issues please refer to <a href=\"https:\/\/wordpress.org\/plugins\/3d-flipbook-dflip-lite\/#installation\">DearFlip WordPress Flipbook Plugin Help<\/a> documentation.<\/p>\n<p>\t\t\t\t\t\t\t\t\t\t\t\t<a href=\"\">Day 1 &#8211; Monday, 20th of March<\/a><\/p>\n<p>Please wait while flipbook is loading. For more related info, FAQs and issues please refer to <a href=\"https:\/\/wordpress.org\/plugins\/3d-flipbook-dflip-lite\/#installation\">DearFlip WordPress Flipbook Plugin Help<\/a> documentation.<\/p>\n<p>\t\t\t\t\t\t\t\t\t\t\t\t<a href=\"\">Day 2 &#8211; Tuesday, 21st of March<\/a><\/p>\n<p>Please wait while flipbook is loading. For more related info, FAQs and issues please refer to <a href=\"https:\/\/wordpress.org\/plugins\/3d-flipbook-dflip-lite\/#installation\">DearFlip WordPress Flipbook Plugin Help<\/a> documentation.<\/p>\n<p>\t\t\t\t\t\t\t\t\t\t\t\t<a href=\"\">Day 3 &#8211; Wednessday, 22nd of March<\/a><\/p>\n<p>Please wait while flipbook is loading. For more related info, FAQs and issues please refer to <a href=\"https:\/\/wordpress.org\/plugins\/3d-flipbook-dflip-lite\/#installation\">DearFlip WordPress Flipbook Plugin Help<\/a> documentation.<\/p>\n<p>\t\t\t\t\t\t\t\t\t\t\t\t<a href=\"\">Day 4 &#8211; Thursday, 23rd of March<\/a><\/p>\n<p>Please wait while flipbook is loading. For more related info, FAQs and issues please refer to <a href=\"https:\/\/wordpress.org\/plugins\/3d-flipbook-dflip-lite\/#installation\">DearFlip WordPress Flipbook Plugin Help<\/a> documentation.<\/p>\n<link rel=\"stylesheet\" href=\"https:\/\/mobile.wacscoac.com\/wp-content\/plugins\/elementor\/assets\/css\/widget-icon-box.min.css\">\n\t\t\t\t<a href=\"#\"><br \/>\n\t\t\t\t\t\t\t\t<\/a><\/p>\n<h3>\n\t\t\t\t\t<a href=\"#\" ><br \/>\n\t\t\t\t\t\t63rd Annual Scientific Conference\t\t\t\t\t<\/a><br \/>\n\t\t\t\t<\/h3>\n<p>\n\t\t\t\t\t\tWelcome to the Annual Scientific Conference of the West African College of Surgeons. This edition of the conference is being hosted in Lome, Togo. \t\t\t\t\t<\/p>\n<p>\t\t\t\t<a href=\"#\"><br \/>\n\t\t\t\t\t\t\t\t<\/a><\/p>\n<h3>\n\t\t\t\t\t<a href=\"#\" ><br \/>\n\t\t\t\t\t\tSurgical Education &#038; Training in West Africa\t\t\t\t\t<\/a><br \/>\n\t\t\t\t<\/h3>\n<p>\n\t\t\t\t\t\tThe WACS 2023 Conference is focused on exploring and discussing more<br \/>\nabout Surgical Education and Training in the whole of West Africa. \t\t\t\t\t<\/p>\n<p>\t\t\t\t<a href=\"https:\/\/wacstogo.org\/en\/hebergement\/\"><br \/>\n\t\t\t\t\t\t\t\t<\/a><\/p>\n<h3>\n\t\t\t\t\t<a href=\"https:\/\/wacstogo.org\/en\/hebergement\/\" ><br \/>\n\t\t\t\t\t\tExplore Togo\t\t\t\t\t<\/a><br \/>\n\t\t\t\t<\/h3>\n<p>\n\t\t\t\t\t\tLome, Togo, is one of the best West African Countries to live in. Would you like to explore the beautiful environment of Lome ? Then you are welcome to the 63rd Scientific Conference\t\t\t\t\t<\/p>\n<p>\t\t\t<a href=\"#\"><br \/>\n\t\t\t\t\t\t<\/a><\/p>\n<p>&nbsp;Conference Live<\/p>\n<p>\t\t\t<a href=\"#\"><br \/>\n\t\t\t\t\t\t<\/a><\/p>\n<p>Program<br \/>by Type<\/p>\n<p>\t\t\t<a href=\"https:\/\/mobile.wacscoac.com\/index.php\/program-by-day\/\"><br \/>\n\t\t\t\t\t\t<\/a><\/p>\n<p>Program <br \/>by Day<\/p>\n<p>\t\t\t<a href=\"#\"><br \/>\n\t\t\t\t\t\t<\/a><\/p>\n<p>Schedule<\/p>\n<p>\t\t\t<a href=\"https:\/\/mobile.wacscoac.com\/index.php\/speakers\/\"><br \/>\n\t\t\t\t\t\t<\/a><\/p>\n<p>Speakers<\/p>\n<p>Now<\/p>\n<p>\t\t\t<a href=\"https:\/\/mobile.wacscoac.com\/index.php\/contact\/\"><br \/>\n\t\t\t\t\t\t<\/a><\/p>\n<p>Venue<\/p>\n<p>Venue<\/p>\n<h2>Conference Updates<\/h2>\n<h2>Speakers<\/h2>\n<div class=\"_df_book df-lite\" id=\"df_1379\"  data-title=\"conference-speakers\" _slug=\"conference-speakers\" wpoptions=\"true\" thumbtype=\"bg\" ><p class=\"df-raw-loading\">Please wait while flipbook is loading. For more related info, FAQs and issues please refer to <a href=\"https:\/\/wordpress.org\/plugins\/3d-flipbook-dflip-lite\/#installation\">DearFlip WordPress Flipbook Plugin Help<\/a> documentation.<\/p><\/div><script class=\"df-shortcode-script\" type=\"application\/javascript\">window.option_df_1379 = {\"outline\":[],\"forceFit\":\"true\",\"autoEnableOutline\":\"false\",\"autoEnableThumbnail\":\"false\",\"overwritePDFOutline\":\"false\",\"direction\":\"1\",\"pageSize\":\"0\",\"source\":\"https:\\\/\\\/mobile.wacscoac.com\\\/wp-content\\\/uploads\\\/2023\\\/03\\\/ConferenceSpeakers.pdf\",\"wpOptions\":\"true\"}; if(window.DFLIP && window.DFLIP.parseBooks){window.DFLIP.parseBooks();}<\/script>\n<style>\/*! elementor - v3.11.5 - 14-03-2023 *\/\n.elementor-column .elementor-spacer-inner{height:var(--spacer-size)}.e-con{--container-widget-width:100%}.e-con-inner>.elementor-widget-spacer,.e-con>.elementor-widget-spacer{width:var(--container-widget-width,var(--spacer-size));--align-self:var(--container-widget-align-self,initial);--flex-shrink:0}.e-con-inner>.elementor-widget-spacer>.elementor-widget-container,.e-con-inner>.elementor-widget-spacer>.elementor-widget-container>.elementor-spacer,.e-con>.elementor-widget-spacer>.elementor-widget-container,.e-con>.elementor-widget-spacer>.elementor-widget-container>.elementor-spacer{height:100%}.e-con-inner>.elementor-widget-spacer>.elementor-widget-container>.elementor-spacer>.elementor-spacer-inner,.e-con>.elementor-widget-spacer>.elementor-widget-container>.elementor-spacer>.elementor-spacer-inner{height:var(--container-widget-height,var(--spacer-size))}<\/style>\n<h2>20th-23rd of March <\/h2>\n<h2>2023 <\/h2>\n<h2>-Conference Date<\/h2>\n<p>\t\t\tSave the date\t\t<\/p>\n<h2>Our Sponsors<\/h2>\n<style>\/*! elementor - v3.11.5 - 14-03-2023 *\/\n.elementor-widget-image-carousel .swiper,.elementor-widget-image-carousel .swiper-container{position:static}.elementor-widget-image-carousel .swiper-container .swiper-slide figure,.elementor-widget-image-carousel .swiper .swiper-slide figure{line-height:inherit}.elementor-widget-image-carousel .swiper-slide{text-align:center}.elementor-image-carousel-wrapper:not(.swiper-container-initialized) .swiper-slide,.elementor-image-carousel-wrapper:not(.swiper-initialized) .swiper-slide{max-width:calc(100% \/ var(--e-image-carousel-slides-to-show, 3))}<\/style>\n<figure><img decoding=\"async\" src=\"https:\/\/mobile.wacscoac.com\/wp-content\/uploads\/2023\/02\/Mercy-Ships-7.png\" alt=\"Mercy-Ships-7\" \/><\/figure>\n<figure><img decoding=\"async\" src=\"https:\/\/mobile.wacscoac.com\/wp-content\/uploads\/2023\/02\/clc-logo-150x150-1-150x150.png\" alt=\"clc-logo-150x150\" \/><\/figure>\n<figure><img decoding=\"async\" src=\"https:\/\/mobile.wacscoac.com\/wp-content\/uploads\/2023\/02\/lOGO222-150x150-1-150x150.png\" alt=\"lOGO222-150x150\" \/><\/figure>\n<p>\t\t\t\t\t\t\t\t\t\t\t\tPrevious<br \/>\n\t\t\t\t\t\t\t\t\t\t\t\tNext<\/p>\n","protected":false},"excerpt":{"rendered":"<p>Days Hours Minutes Seconds Conference is ongoing&#8230;. &#8230; WACS 63rd Conference is ongoing right now! WACS 63rd Annual Scientific Conference 20th-23rd of March 2023 Welcome to Lome, TogoWACS 63rd Annual Scientific Conference 20th-23rd of March 2023 Bienvenue \u00e0 la 63\u00e8me \u00e9dition du congr\u00e8s du WACS!Explore Togo Previous Next Program By Days Pre Conference &#8211; Saturday, [&hellip;]<\/p>\n","protected":false},"author":1,"featured_media":0,"parent":0,"menu_order":0,"comment_status":"closed","ping_status":"closed","template":"","meta":{"footnotes":""},"class_list":["post-541","page","type-page","status-publish","hentry"],"_links":{"self":[{"href":"https:\/\/mobile.wacscoac.com\/index.php\/wp-json\/wp\/v2\/pages\/541","targetHints":{"allow":["GET"]}}],"collection":[{"href":"https:\/\/mobile.wacscoac.com\/index.php\/wp-json\/wp\/v2\/pages"}],"about":[{"href":"https:\/\/mobile.wacscoac.com\/index.php\/wp-json\/wp\/v2\/types\/page"}],"author":[{"embeddable":true,"href":"https:\/\/mobile.wacscoac.com\/index.php\/wp-json\/wp\/v2\/users\/1"}],"replies":[{"embeddable":true,"href":"https:\/\/mobile.wacscoac.com\/index.php\/wp-json\/wp\/v2\/comments?post=541"}],"version-history":[{"count":360,"href":"https:\/\/mobile.wacscoac.com\/index.php\/wp-json\/wp\/v2\/pages\/541\/revisions"}],"predecessor-version":[{"id":1550,"href":"https:\/\/mobile.wacscoac.com\/index.php\/wp-json\/wp\/v2\/pages\/541\/revisions\/1550"}],"wp:attachment":[{"href":"https:\/\/mobile.wacscoac.com\/index.php\/wp-json\/wp\/v2\/media?parent=541"}],"curies":[{"name":"wp","href":"https:\/\/api.w.org\/{rel}","templated":true}]}}